{"id":139,"date":"2016-04-26T10:59:55","date_gmt":"2016-04-26T10:59:55","guid":{"rendered":"http:\/\/www.tourist-ad-guide.com\/?page_id=139"},"modified":"2018-11-22T14:41:15","modified_gmt":"2018-11-22T14:41:15","slug":"home","status":"publish","type":"page","link":"https:\/\/www.tourist-ad-guide.com\/en\/home\/","title":{"rendered":"Po\u010detna"},"content":{"rendered":"<div id=\"pl-139\"  class=\"panel-layout\" ><div id=\"pg-139-0\"  class=\"panel-grid panel-no-style\" ><div id=\"pgc-139-0-0\"  class=\"panel-grid-cell\" ><div id=\"panel-139-0-0-0\" class=\"so-panel widget widget_sow-editor panel-first-child panel-last-child\" data-index=\"0\" ><div\n\t\t\t\n\t\t\tclass=\"so-widget-sow-editor so-widget-sow-editor-base\"\n\t\t\t\n\t\t>\n<div class=\"siteorigin-widget-tinymce textwidget\">\n\t<p>Po\u0161tovani<img loading=\"lazy\" decoding=\"async\" class=\"size-full wp-image-33 alignright\" src=\"http:\/\/www.tourist-ad-guide.com\/wp-content\/uploads\/2016\/03\/logo-3.png\" alt=\"logo\" width=\"216\" height=\"184\" \/>,<\/p>\n<p>Dobro do\u0161li na stranice <strong>Poslovnog turisti\u010dkog vodi\u010da<\/strong> koji je osnovan 2007. godine i bavi se\u00a0\u00a0poslovnim marketingom, kongresnim turizmom, zdravstveno-lje\u010dili\u0161nim turizmom, gastronomskim turizmom i mnogim drugim. Obuhva\u0107a nacionalne parkove, kulturne znamenitosti kao i seoski turizam odnosno sve \u0161to bi jednog gosta privuklo u posjetu Lijepoj Na\u0161oj.<\/p>\n<p>Najve\u0107a vrijednost tvrtke je <strong>kvalitetan tim ljudi<\/strong> koji upravlja pojedinim segmentima sustava i u stanju je u potpunosti odgovoriti svim zahtjevima tr\u017ei\u0161ta.<\/p>\n<p>Na\u0161a misija je<strong> promovirati turizam Republike Hrvatske i okolnih zemalja u Europskoj Uniji i cijelom Svijetu.<\/strong><\/p>\n<p>Sve to dijelimo u kategorije: gastro, kultura, agronomija, ljepota, smje\u0161taj, sport, zdravlje, poslovno, gradovi i op\u0107ine.<\/p>\n<p>Publikacija izlazi na web portalu na\u0161e tvrtke u suradnji sa<strong> Reklamnim turisti\u010dkim vodi\u010dem<\/strong> i <strong>Turisti\u010dkim portalom<\/strong>. Dostupni smo\u00a0van granica Republike Hrvatske zbog velikog interesa ogla\u0161avanja na\u0161ih poslovnih partnera iz inozemstva.<\/p>\n<p>Mo\u017eete nas kontaktirati u svrhu suradnje na:<\/p>\n<p>MARKETING<\/p>\n<p>e-mail: turisticki-reklamni-vodic@hi.ht.hr<\/p>\n<p>tel\/fax:\u00a0+ 385 (0) 1627 8123<\/p>\n<p>UREDNI\u0160TVO:<\/p>\n<p>email: turisticki-reklamni-vodic@hi.ht.hr<\/p>\n<p>tel\/fax:\u00a0+ 385 (0) 1627 8123<\/p>\n<p>Srda\u010dno,<\/p>\n<p>Uredni\u0161tvo Poslovnog turisti\u010dkog vodi\u010da EU<\/p>\n<\/div>\n<\/div><\/div><\/div><\/div><\/div>","protected":false},"excerpt":{"rendered":"<p>Po\u0161tovani, Dobro do\u0161li na stranice Poslovnog turisti\u010dkog vodi\u010da koji je osnovan 2007. godine i bavi se\u00a0\u00a0poslovnim marketingom, kongresnim turizmom, zdravstveno-lje\u010dili\u0161nim turizmom, gastronomskim turizmom i mnogim drugim. Obuhva\u0107a nacionalne parkove, kulturne znamenitosti kao i seoski turizam odnosno sve \u0161to bi jednog gosta privuklo u posjetu Lijepoj Na\u0161oj. Najve\u0107a vrijednost tvrtke je<a href=\"https:\/\/www.tourist-ad-guide.com\/en\/home\/\" class=\"read-more\">Read More &#8230;<\/a><\/p>\n","protected":false},"author":1,"featured_media":0,"parent":0,"menu_order":0,"comment_status":"closed","ping_status":"closed","template":"","meta":{"jetpack_post_was_ever_published":false,"footnotes":""},"class_list":["post-139","page","type-page","status-publish","hentry"],"translation":{"provider":"WPGlobus","version":"3.0.1","language":"en","enabled_languages":["hr","en"],"languages":{"hr":{"title":true,"content":true,"excerpt":false},"en":{"title":false,"content":false,"excerpt":false}}},"jetpack_sharing_enabled":true,"jetpack_shortlink":"https:\/\/wp.me\/P7orY6-2f","jetpack-related-posts":[{"id":367,"url":"https:\/\/www.tourist-ad-guide.com\/en\/o-nama\/","url_meta":{"origin":139,"position":0},"title":"About us","author":"tourist-ad-guide","date":"May 16, 2016","format":false,"excerpt":"{:hr}Dobro do\u0161li na stranicu Poslovnog turisti\u010dkog vodi\u010da koji je osnovan 2007. godine i bavi se poslovnim marketingom, kongresnim turizmom, zdravstveno-lje\u010dili\u0161nim turizmom, gastronomskim turizmom i mnogim drugim. Obuhva\u0107a nacionalne parkove, kulturne znamenitosti kao i seoski turizam odnosno sve \u0161to bi jednog gosta privuklo u posjetu Lijepoj Na\u0161oj. Na\u0161a misija je promovirati\u2026","rel":"","context":"Similar post","block_context":{"text":"Similar post","link":""},"img":{"alt_text":"","src":"","width":0,"height":0},"classes":[]},{"id":330,"url":"https:\/\/www.tourist-ad-guide.com\/en\/kategorije\/","url_meta":{"origin":139,"position":1},"title":"Kategorije","author":"tourist-ad-guide","date":"May 16, 2016","format":false,"excerpt":"Agroturizam , OPG ,Izleti\u0161ta Apartmani Hosteli Hoteli Moteli Pansioni Aqua parkovi -Terme - Kupali\u0161ta- Bazeni Auto kampovi Vojvodina Bosna i Hercegovina Crna Gora Etno sela Gastro Gradovi Kultura Muzeji Ljepota Luke i Marine Obrazovanje Op\u0107ine Parkovi prirode Poslovni marketing Slovenija Sport Turisti\u010dke zajednice Vjerski Turizam Zabava Zdravlje Zra\u010dne luke \u00a0","rel":"","context":"Similar post","block_context":{"text":"Similar post","link":""},"img":{"alt_text":"","src":"","width":0,"height":0},"classes":[]}],"_links":{"self":[{"href":"https:\/\/www.tourist-ad-guide.com\/en\/wp-json\/wp\/v2\/pages\/139","targetHints":{"allow":["GET"]}}],"collection":[{"href":"https:\/\/www.tourist-ad-guide.com\/en\/wp-json\/wp\/v2\/pages"}],"about":[{"href":"https:\/\/www.tourist-ad-guide.com\/en\/wp-json\/wp\/v2\/types\/page"}],"author":[{"embeddable":true,"href":"https:\/\/www.tourist-ad-guide.com\/en\/wp-json\/wp\/v2\/users\/1"}],"replies":[{"embeddable":true,"href":"https:\/\/www.tourist-ad-guide.com\/en\/wp-json\/wp\/v2\/comments?post=139"}],"version-history":[{"count":5,"href":"https:\/\/www.tourist-ad-guide.com\/en\/wp-json\/wp\/v2\/pages\/139\/revisions"}],"predecessor-version":[{"id":9910,"href":"https:\/\/www.tourist-ad-guide.com\/en\/wp-json\/wp\/v2\/pages\/139\/revisions\/9910"}],"wp:attachment":[{"href":"https:\/\/www.tourist-ad-guide.com\/en\/wp-json\/wp\/v2\/media?parent=139"}],"curies":[{"name":"wp","href":"https:\/\/api.w.org\/{rel}","templated":true}]}}