{"id":326,"date":"2016-05-16T00:44:57","date_gmt":"2016-05-16T00:44:57","guid":{"rendered":"http:\/\/www.tourist-ad-guide.com\/?page_id=326"},"modified":"2018-11-22T14:38:46","modified_gmt":"2018-11-22T14:38:46","slug":"contact","status":"publish","type":"page","link":"https:\/\/www.tourist-ad-guide.com\/en\/contact\/","title":{"rendered":"Contact"},"content":{"rendered":"<div data-test='contact-form'\n\t\t\tid='contact-form-326'\n\t\t\tclass='wp-block-jetpack-contact-form-container '\n\t\t\tdata-wp-interactive='jetpack\/form' data-wp-context='{\"formId\":\"326\",\"formHash\":\"87cebf88ea5a684b1455fc7c24f8bbe67187d798\",\"showErrors\":false,\"errors\":[],\"fields\":[],\"isMultiStep\":false,\"useAjax\":true,\"submissionData\":null,\"formattedSubmissionData\":[],\"submissionSuccess\":false,\"submissionError\":null,\"elementId\":\"jp-form-87cebf88ea5a684b1455fc7c24f8bbe67187d798\",\"isSingleInputForm\":false}'\n\t\t\tdata-wp-watch--scroll-to-wrapper=\"callbacks.scrollToWrapper\"\n\t\t>\n<div class=\"contact-form-submission contact-form-ajax-submission\" data-wp-class--submission-success=\"context.submissionSuccess\"><p class=\"go-back-message\"><a class=\"link\" role=\"button\" tabindex=\"0\" data-wp-on--click=\"actions.goBack\" href=\"\/en\/wp-json\/wp\/v2\/pages\/326\">Go back<\/a><\/p><h4 id=\"contact-form-success-header\">Your message has been sent<\/h4>\n\n<template data-wp-each--submission=\"context.formattedSubmissionData\">\n\t\t\t\t\t<div class=\"jetpack_forms_contact-form-success-summary\">\n\t\t\t\t\t\t<div class=\"field-name\" data-wp-text=\"context.submission.label\" data-wp-bind--hidden=\"!context.submission.label\"><\/div>\n\t\t\t\t\t\t<div class=\"field-value\" data-wp-text=\"context.submission.value\"><\/div>\n\t\t\t\t\t\t<div class=\"field-images\" data-wp-bind--hidden=\"!context.submission.images\">\n\t\t\t\t\t\t\t<template data-wp-each--image=\"context.submission.images\">\n\t\t\t\t\t\t\t\t<figure class=\"field-image\" data-wp-class--is-empty=\"!context.image\">\n\t\t\t\t\t\t\t\t\t<img data-wp-bind--src=\"context.image\" data-wp-bind--hidden=\"!context.image\" \/>\n\t\t\t\t\t\t\t\t\t<img decoding=\"async\" src=\"data:image\/gif;base64,R0lGODlhAQABAAD\/ACwAAAAAAQABAAACADs=\" data-wp-bind--hidden=\"context.image\" \/>\n\t\t\t\t\t\t\t\t<\/figure>\n\t\t\t\t\t\t\t<\/template>\n\t\t\t\t\t\t<\/div>\n\t\t\t\t\t<\/div>\n\t\t\t\t<\/template><\/div><form action='https:\/\/www.tourist-ad-guide.com\/en\/contact\/'\n\t\t\t\tid='jp-form-87cebf88ea5a684b1455fc7c24f8bbe67187d798'\n\t\t\t\tmethod='post'\n\t\t\t\tclass='contact-form commentsblock' aria-label=\"{:hr}Kontakt{:}{:en}Contact{:}\"\n\t\t\t\tdata-wp-on--submit=\"actions.onFormSubmit\"\n\t\t\t\tdata-wp-on--reset=\"actions.onFormReset\"\n\t\t\t\tdata-wp-class--submission-success=\"context.submissionSuccess\"\n\t\t\t\tdata-wp-class--is-first-step=\"state.isFirstStep\"\n\t\t\t\tdata-wp-class--is-last-step=\"state.isLastStep\"\n\t\t\t\tdata-wp-class--is-ajax-form=\"context.useAjax\"\n\t\t\t\tnovalidate >\n<input type='hidden' name='jetpack_contact_form_jwt' value='eyJ0eXAiOiJKV1QiLCJhbGciOiJIUzI1NiJ9.eyJlbmNyeXB0ZWRfYXR0cmlidXRlcyI6IncrV0pOTnE4NU04WlN4ODNveFRwand3ZElkbUsyQnVadFBJWjY1b2lFSFNFejV3US9GUURMbzJxSUI5UGtoenJvaUp2Wkl0VytIZDRISituWENRVEhOeXZ3ZnF0VjZPWWhoR1hyWnBqTW5GV21UTW5saFp1Q3ljNWF3L2VhTXRBenQ2b2M0YjdxZ0tYMTh0cTJTRHpkQ1N2N1NGSkFkWXNlTnJoSm9xa1lZajdYYmRLeWVTTGxwM2R6OUE5WXpqU0hwSUpGMnhpRmVDSHpvL0NUaExFTUpPaWtiQytsL0tSTjJhTkdGYkNVVHVLMFRuNjMwbFhUUkl0TjBKQjE3SHRYM3h6QUdmeE1GdzdTclg4bStDbWM1bXErZ1NOUXZqMnhDNHJ5QmVWR2lKaVR5eXhhZXFiYXA4K1pIYy9vNXRJUmZBWmZGRGh2cWNMNWpYdFFGaThpbjhKSkdhZEh6UE5yWUhGZXlnMEEyK3hxOFUxUkE0V0dzOS9sTWpGMXo1ZWRJeVhPbEp5blFQaHpxMURxdmQzMzNiMVprZHVHUXJISTJ0eU1jMkRCREVScGhYZjBBZVl5Z2RmUzlBYW10VC9Pa3RnVEhiNXg0aEpJejkxUldnN3B0aUFrK005NjNkbldwY0F1VENudDJHZGhrY3kzSDVUQ1lRSEhxTlpKNzhaWVM2ZWJxQllsUFRjU1lnRHFVUkZnbFRkejlMRE4zSjJxY0Ntay9YOHJjczl0ZzJNWTdyRjdoY1Nhb3dDU0R1ZVpvb3B2ODFQZzh0WVZsU2xMc0RqOTVySE9XYlg1UlZjdVhSU0Nob2ZQS1RhUTdOTTRvQU1zSXkyRXJQQjduSVlwSEpuOFl1VXVvVWh0cmJUbnBhR0tYNlZjdExzdFBlVCs1TXJCRkN5WUdaRURLaEpneGhadEtadlR5ek9XaDVpdS9qTXRIR2N3aU5weGg2c3lTbVhvU1R1U0FKVXhsRkxxYkwxOXR3bXZWQkQrb0t2K0M1WHlDemhYVGt4MjZsKzlHOU51bDJLckRKYkhCS2xlSUhBUXlSMnA3K3FNMTBMN0s1ZXY0dTZEcDUxdjhpQ25WdDZmWm0zenFHa0Y2SXNZTG9va3FLSjlUanBDTHBwL3pwS1hBNlRJWTdhMERJbXdqeENTK2lFMnJQMVo1YVFEaDNPUGZTbWE4azRqcDdpVlZjNXhsWjRIVHB6MG9uK3I2anF6YmRhaVhiTkU2Mnp3ZFZZcE9jPSIsImNvbnRlbnQiOiJbY29udGFjdC1maWVsZCBsYWJlbD0nWW91ciBuYW1lJyB0eXBlPSduYW1lJyByZXF1aXJlZD0nMScvXVtjb250YWN0LWZpZWxkIGxhYmVsPSdZb3VyIEUtbWFpbCBhZGRyZXNzJyB0eXBlPSdlbWFpbCcgcmVxdWlyZWQ9JzEnL11bY29udGFjdC1maWVsZCBsYWJlbD0nWW91ciBXZWJzaXRlJyB0eXBlPSd1cmwnL11bY29udGFjdC1maWVsZCBsYWJlbD0nWW91ciBtZXNzYWdlJyB0eXBlPSd0ZXh0YXJlYScgcmVxdWlyZWQ9JzEnL10iLCJoYXNoIjoiODdjZWJmODhlYTVhNjg0YjE0NTVmYzdjMjRmOGJiZTY3MTg3ZDc5OCIsInNvdXJjZSI6eyJlbnRyeV90aXRsZSI6IkNvbnRhY3QiLCJlbnRyeV9wYWdlIjoxLCJzb3VyY2VfaWQiOjMyNiwic291cmNlX3R5cGUiOiJzaW5nbGUiLCJyZXF1ZXN0X3VybCI6Imh0dHBzOi8vd3d3LnRvdXJpc3QtYWQtZ3VpZGUuY29tL2VuL3dwLWpzb24vd3AvdjIvcGFnZXMvMzI2In0sInZlcnNpb24iOjIsImNpcGhlciI6ImFlcy0yNTYtZ2NtIn0.ewGwCGdN8oS5bGxSIn2LoLcx9aP8ijcq4irgXdoM554' \/>\n\n<div style=\"\"  data-wp-interactive=\"jetpack\/form\" data-wp-context='{\"fieldId\":\"g326-yourname\",\"fieldType\":\"name\",\"fieldLabel\":\"Your name\",\"fieldValue\":\"\",\"fieldPlaceholder\":\"\",\"fieldIsRequired\":\"1\",\"fieldErrorMessage\":\"\",\"fieldExtra\":[],\"formHash\":\"87cebf88ea5a684b1455fc7c24f8bbe67187d798\"}'  class='grunion-field-name-wrap grunion-field-wrap'  data-wp-init='callbacks.initializeField' data-wp-on--jetpack-form-reset='callbacks.initializeField' >\n<label\n\t\t\t\tfor='g326-yourname' class=\"grunion-field-label name\" >Your name<span class=\"grunion-label-required\" aria-hidden=\"true\">(required)<\/span><\/label>\n<input\n\t\t\t\t\ttype='text'\n\t\t\t\t\tname='g326-yourname'\n\t\t\t\t\tid='g326-yourname'\n\t\t\t\t\tvalue=''\n\n\t\t\t\t\tdata-wp-bind--aria-invalid='state.fieldHasErrors'\n\t\t\t\t\tdata-wp-bind--value='state.getFieldValue'\n\t\t\t\t\taria-errormessage='g326-yourname-text-error-message'\n\t\t\t\t\tdata-wp-on--input='actions.onFieldChange'\n\t\t\t\t\tdata-wp-on--blur='actions.onFieldBlur'\n\t\t\t\t\tdata-wp-class--has-value='state.hasFieldValue'\n\n\t\t\t\t\tclass='name  grunion-field' \n\t\t\t\t\trequired='true' aria-required='true'  \/>\n \n\t\t\t<div id=\"g326-yourname-text-error\" class=\"contact-form__input-error\" data-wp-class--has-errors=\"state.fieldHasErrors\">\n\t\t\t\t<span class=\"contact-form__warning-icon\">\n\t\t\t\t\t<svg width=\"16\" height=\"16\" viewBox=\"0 0 16 16\" fill=\"none\" xmlns=\"http:\/\/www.w3.org\/2000\/svg\">\n\t\t\t\t\t\t<path d=\"M8.50015 11.6402H7.50015V10.6402H8.50015V11.6402Z\" \/>\n\t\t\t\t\t\t<path d=\"M7.50015 9.64018H8.50015V6.30684H7.50015V9.64018Z\" \/>\n\t\t\t\t\t\t<path fill-rule=\"evenodd\" clip-rule=\"evenodd\" d=\"M6.98331 3.0947C7.42933 2.30177 8.57096 2.30177 9.01698 3.09469L13.8771 11.7349C14.3145 12.5126 13.7525 13.4735 12.8602 13.4735H3.14004C2.24774 13.4735 1.68575 12.5126 2.12321 11.7349L6.98331 3.0947ZM8.14541 3.58496C8.08169 3.47168 7.9186 3.47168 7.85488 3.58496L2.99478 12.2251C2.93229 12.3362 3.01257 12.4735 3.14004 12.4735H12.8602C12.9877 12.4735 13.068 12.3362 13.0055 12.2251L8.14541 3.58496Z\" \/>\n\t\t\t\t\t<\/svg>\n\t\t\t\t\t<span class=\"visually-hidden\">Warning<\/span>\n\t\t\t\t<\/span>\n\t\t\t\t<span data-wp-text=\"state.errorMessage\" id=\"g326-yourname-text-error-message\" role=\"alert\" aria-live=\"assertive\"><\/span>\n\t\t\t<\/div> \n\t<\/div>\n\n<div style=\"\"  data-wp-interactive=\"jetpack\/form\" data-wp-context='{\"fieldId\":\"g326-youremailaddress\",\"fieldType\":\"email\",\"fieldLabel\":\"Your E-mail address\",\"fieldValue\":\"\",\"fieldPlaceholder\":\"\",\"fieldIsRequired\":\"1\",\"fieldErrorMessage\":\"\",\"fieldExtra\":[],\"formHash\":\"87cebf88ea5a684b1455fc7c24f8bbe67187d798\"}'  class='grunion-field-email-wrap grunion-field-wrap'  data-wp-init='callbacks.initializeField' data-wp-on--jetpack-form-reset='callbacks.initializeField' >\n<label\n\t\t\t\tfor='g326-youremailaddress' class=\"grunion-field-label email\" >Your E-mail address<span class=\"grunion-label-required\" aria-hidden=\"true\">(required)<\/span><\/label>\n<input\n\t\t\t\t\ttype='email'\n\t\t\t\t\tname='g326-youremailaddress'\n\t\t\t\t\tid='g326-youremailaddress'\n\t\t\t\t\tvalue=''\n\n\t\t\t\t\tdata-wp-bind--aria-invalid='state.fieldHasErrors'\n\t\t\t\t\tdata-wp-bind--value='state.getFieldValue'\n\t\t\t\t\taria-errormessage='g326-youremailaddress-email-error-message'\n\t\t\t\t\tdata-wp-on--input='actions.onFieldChange'\n\t\t\t\t\tdata-wp-on--blur='actions.onFieldBlur'\n\t\t\t\t\tdata-wp-class--has-value='state.hasFieldValue'\n\n\t\t\t\t\tclass='email  grunion-field' \n\t\t\t\t\trequired='true' aria-required='true'  \/>\n \n\t\t\t<div id=\"g326-youremailaddress-email-error\" class=\"contact-form__input-error\" data-wp-class--has-errors=\"state.fieldHasErrors\">\n\t\t\t\t<span class=\"contact-form__warning-icon\">\n\t\t\t\t\t<svg width=\"16\" height=\"16\" viewBox=\"0 0 16 16\" fill=\"none\" xmlns=\"http:\/\/www.w3.org\/2000\/svg\">\n\t\t\t\t\t\t<path d=\"M8.50015 11.6402H7.50015V10.6402H8.50015V11.6402Z\" \/>\n\t\t\t\t\t\t<path d=\"M7.50015 9.64018H8.50015V6.30684H7.50015V9.64018Z\" \/>\n\t\t\t\t\t\t<path fill-rule=\"evenodd\" clip-rule=\"evenodd\" d=\"M6.98331 3.0947C7.42933 2.30177 8.57096 2.30177 9.01698 3.09469L13.8771 11.7349C14.3145 12.5126 13.7525 13.4735 12.8602 13.4735H3.14004C2.24774 13.4735 1.68575 12.5126 2.12321 11.7349L6.98331 3.0947ZM8.14541 3.58496C8.08169 3.47168 7.9186 3.47168 7.85488 3.58496L2.99478 12.2251C2.93229 12.3362 3.01257 12.4735 3.14004 12.4735H12.8602C12.9877 12.4735 13.068 12.3362 13.0055 12.2251L8.14541 3.58496Z\" \/>\n\t\t\t\t\t<\/svg>\n\t\t\t\t\t<span class=\"visually-hidden\">Warning<\/span>\n\t\t\t\t<\/span>\n\t\t\t\t<span data-wp-text=\"state.errorMessage\" id=\"g326-youremailaddress-email-error-message\" role=\"alert\" aria-live=\"assertive\"><\/span>\n\t\t\t<\/div> \n\t<\/div>\n\n<div style=\"\"  data-wp-interactive=\"jetpack\/form\" data-wp-context='{\"fieldId\":\"g326-yourwebsite\",\"fieldType\":\"url\",\"fieldLabel\":\"Your Website\",\"fieldValue\":\"\",\"fieldPlaceholder\":\"\",\"fieldIsRequired\":\"\",\"fieldErrorMessage\":\"\",\"fieldExtra\":[],\"formHash\":\"87cebf88ea5a684b1455fc7c24f8bbe67187d798\"}'  class='grunion-field-url-wrap grunion-field-wrap'  data-wp-init='callbacks.initializeField' data-wp-on--jetpack-form-reset='callbacks.initializeField' >\n<label\n\t\t\t\tfor='g326-yourwebsite' class=\"grunion-field-label url\" >Your Website<\/label>\n<input\n\t\t\t\t\ttype='text'\n\t\t\t\t\tname='g326-yourwebsite'\n\t\t\t\t\tid='g326-yourwebsite'\n\t\t\t\t\tvalue=''\n\n\t\t\t\t\tdata-wp-bind--aria-invalid='state.fieldHasErrors'\n\t\t\t\t\tdata-wp-bind--value='state.getFieldValue'\n\t\t\t\t\taria-errormessage='g326-yourwebsite-text-error-message'\n\t\t\t\t\tdata-wp-on--input='actions.onFieldChange'\n\t\t\t\t\tdata-wp-on--blur='actions.onFieldBlur'\n\t\t\t\t\tdata-wp-class--has-value='state.hasFieldValue'\n\n\t\t\t\t\tclass='url  grunion-field' \n\t\t\t\t\t \/>\n \n\t\t\t<div id=\"g326-yourwebsite-text-error\" class=\"contact-form__input-error\" data-wp-class--has-errors=\"state.fieldHasErrors\">\n\t\t\t\t<span class=\"contact-form__warning-icon\">\n\t\t\t\t\t<svg width=\"16\" height=\"16\" viewBox=\"0 0 16 16\" fill=\"none\" xmlns=\"http:\/\/www.w3.org\/2000\/svg\">\n\t\t\t\t\t\t<path d=\"M8.50015 11.6402H7.50015V10.6402H8.50015V11.6402Z\" \/>\n\t\t\t\t\t\t<path d=\"M7.50015 9.64018H8.50015V6.30684H7.50015V9.64018Z\" \/>\n\t\t\t\t\t\t<path fill-rule=\"evenodd\" clip-rule=\"evenodd\" d=\"M6.98331 3.0947C7.42933 2.30177 8.57096 2.30177 9.01698 3.09469L13.8771 11.7349C14.3145 12.5126 13.7525 13.4735 12.8602 13.4735H3.14004C2.24774 13.4735 1.68575 12.5126 2.12321 11.7349L6.98331 3.0947ZM8.14541 3.58496C8.08169 3.47168 7.9186 3.47168 7.85488 3.58496L2.99478 12.2251C2.93229 12.3362 3.01257 12.4735 3.14004 12.4735H12.8602C12.9877 12.4735 13.068 12.3362 13.0055 12.2251L8.14541 3.58496Z\" \/>\n\t\t\t\t\t<\/svg>\n\t\t\t\t\t<span class=\"visually-hidden\">Warning<\/span>\n\t\t\t\t<\/span>\n\t\t\t\t<span data-wp-text=\"state.errorMessage\" id=\"g326-yourwebsite-text-error-message\" role=\"alert\" aria-live=\"assertive\"><\/span>\n\t\t\t<\/div> \n\t<\/div>\n\n<div style=\"\"  data-wp-interactive=\"jetpack\/form\" data-wp-context='{\"fieldId\":\"g326-yourmessage\",\"fieldType\":\"textarea\",\"fieldLabel\":\"Your message\",\"fieldValue\":\"\",\"fieldPlaceholder\":\"\",\"fieldIsRequired\":\"1\",\"fieldErrorMessage\":\"\",\"fieldExtra\":[],\"formHash\":\"87cebf88ea5a684b1455fc7c24f8bbe67187d798\"}'  class='grunion-field-textarea-wrap grunion-field-wrap'  data-wp-init='callbacks.initializeField' data-wp-on--jetpack-form-reset='callbacks.initializeField' >\n<label\n\t\t\t\tfor='contact-form-comment-g326-yourmessage' class=\"grunion-field-label textarea\" >Your message<span class=\"grunion-label-required\" aria-hidden=\"true\">(required)<\/span><\/label>\n<textarea\n\t\t                style=''\n\t\t                name='g326-yourmessage'\n\t\t                id='contact-form-comment-g326-yourmessage'\n\t\t                rows='20'\n\t\t\t\t\t\tdata-wp-text='state.getFieldValue'\n\t\t\t\t\t\tdata-wp-on--input='actions.onFieldChange'\n\t\t\t\t\t\tdata-wp-on--blur='actions.onFieldBlur'\n\t\t\t\t\t\tdata-wp-class--has-value='state.hasFieldValue'\n\t\t\t\t\t\tdata-wp-bind--aria-invalid='state.fieldHasErrors'\n\t\t\t\t\t\taria-errormessage='g326-yourmessage-textarea-error-message'\n\t\t\t\t\t\tclass='textarea  grunion-field'  required aria-required='true'><\/textarea>\n \n\t\t\t<div id=\"g326-yourmessage-textarea-error\" class=\"contact-form__input-error\" data-wp-class--has-errors=\"state.fieldHasErrors\">\n\t\t\t\t<span class=\"contact-form__warning-icon\">\n\t\t\t\t\t<svg width=\"16\" height=\"16\" viewBox=\"0 0 16 16\" fill=\"none\" xmlns=\"http:\/\/www.w3.org\/2000\/svg\">\n\t\t\t\t\t\t<path d=\"M8.50015 11.6402H7.50015V10.6402H8.50015V11.6402Z\" \/>\n\t\t\t\t\t\t<path d=\"M7.50015 9.64018H8.50015V6.30684H7.50015V9.64018Z\" \/>\n\t\t\t\t\t\t<path fill-rule=\"evenodd\" clip-rule=\"evenodd\" d=\"M6.98331 3.0947C7.42933 2.30177 8.57096 2.30177 9.01698 3.09469L13.8771 11.7349C14.3145 12.5126 13.7525 13.4735 12.8602 13.4735H3.14004C2.24774 13.4735 1.68575 12.5126 2.12321 11.7349L6.98331 3.0947ZM8.14541 3.58496C8.08169 3.47168 7.9186 3.47168 7.85488 3.58496L2.99478 12.2251C2.93229 12.3362 3.01257 12.4735 3.14004 12.4735H12.8602C12.9877 12.4735 13.068 12.3362 13.0055 12.2251L8.14541 3.58496Z\" \/>\n\t\t\t\t\t<\/svg>\n\t\t\t\t\t<span class=\"visually-hidden\">Warning<\/span>\n\t\t\t\t<\/span>\n\t\t\t\t<span data-wp-text=\"state.errorMessage\" id=\"g326-yourmessage-textarea-error-message\" role=\"alert\" aria-live=\"assertive\"><\/span>\n\t\t\t<\/div>\n\t<\/div>\n\t<p class='contact-submit'>\n<div class=\"contact-form__error\" data-wp-class--show-errors=\"state.showFormErrors\"><span class=\"contact-form__warning-icon\"><span class=\"visually-hidden\">Warning.<\/span><i aria-hidden=\"true\"><\/i><\/span>\n\t\t\t\t<span data-wp-text=\"state.getFormErrorMessage\"><\/span>\n\t\t\t\t<ul>\n\t\t\t\t<template data-wp-each=\"state.getErrorList\" data-wp-key=\"context.item.id\">\n\t\t\t\t\t<li><a data-wp-bind--href=\"context.item.anchor\" data-wp-on--click=\"actions.scrollIntoView\" data-wp-text=\"context.item.label\"><\/a><\/li>\n\t\t\t\t<\/template>\n\t\t\t\t<\/ul><\/div><div class=\"contact-form__error\" data-wp-class--show-errors=\"state.showSubmissionError\" data-wp-text=\"context.submissionError\"><\/div>\t\t<button type='submit' class='pushbutton-wide'>Submit<\/button>\t\t<input type='hidden' name='contact-form-id' value='326' \/>\n\t\t<input type='hidden' name='action' value='grunion-contact-form' \/>\n\t\t<input type='hidden' name='contact-form-hash' value='87cebf88ea5a684b1455fc7c24f8bbe67187d798' \/>\n\t<\/p>\n<\/form>\n<\/div>\n<p>For potential cooperation please contact one of the following departments:<\/p>\n<h4>MARKETING<\/h4>\n<p>E-mail: turisticki-reklamni-vodic@email.ht.hr<\/p>\n<p>Tel\/fax: 016278123<\/p>\n<h4>EDITORIAL:<\/h4>\n<p>Email: turisticki-reklamni-vodic@hi-ht.hr<\/p>\n<p>Tel\/fax: 016278123<\/p>\n","protected":false},"excerpt":{"rendered":"<p>For potential cooperation please contact one of the following departments: MARKETING E-mail: turisticki-reklamni-vodic@email.ht.hr Tel\/fax: 016278123 EDITORIAL: Email: turisticki-reklamni-vodic@hi-ht.hr Tel\/fax: 016278123<\/p>\n","protected":false},"author":1,"featured_media":0,"parent":0,"menu_order":0,"comment_status":"closed","ping_status":"closed","template":"","meta":{"jetpack_post_was_ever_published":false,"footnotes":""},"class_list":["post-326","page","type-page","status-publish","hentry"],"translation":{"provider":"WPGlobus","version":"3.0.1","language":"en","enabled_languages":["hr","en"],"languages":{"hr":{"title":true,"content":true,"excerpt":false},"en":{"title":true,"content":true,"excerpt":false}}},"jetpack_sharing_enabled":true,"jetpack_shortlink":"https:\/\/wp.me\/P7orY6-5g","jetpack-related-posts":[{"id":139,"url":"https:\/\/www.tourist-ad-guide.com\/en\/home\/","url_meta":{"origin":326,"position":0},"title":"Po\u010detna","author":"tourist-ad-guide","date":"April 26, 2016","format":false,"excerpt":"Po\u0161tovani, Dobro do\u0161li na stranice Poslovnog turisti\u010dkog vodi\u010da koji je osnovan 2007. godine i bavi se\u00a0\u00a0poslovnim marketingom, kongresnim turizmom, zdravstveno-lje\u010dili\u0161nim turizmom, gastronomskim turizmom i mnogim drugim. Obuhva\u0107a nacionalne parkove, kulturne znamenitosti kao i seoski turizam odnosno sve \u0161to bi jednog gosta privuklo u posjetu Lijepoj Na\u0161oj. Najve\u0107a vrijednost tvrtke je\u2026","rel":"","context":"Similar post","block_context":{"text":"Similar post","link":""},"img":{"alt_text":"logo","src":"https:\/\/i0.wp.com\/www.tourist-ad-guide.com\/wp-content\/uploads\/2016\/03\/logo-3.png?resize=350%2C200","width":350,"height":200},"classes":[]},{"id":367,"url":"https:\/\/www.tourist-ad-guide.com\/en\/o-nama\/","url_meta":{"origin":326,"position":1},"title":"About us","author":"tourist-ad-guide","date":"May 16, 2016","format":false,"excerpt":"{:hr}Dobro do\u0161li na stranicu Poslovnog turisti\u010dkog vodi\u010da koji je osnovan 2007. godine i bavi se poslovnim marketingom, kongresnim turizmom, zdravstveno-lje\u010dili\u0161nim turizmom, gastronomskim turizmom i mnogim drugim. Obuhva\u0107a nacionalne parkove, kulturne znamenitosti kao i seoski turizam odnosno sve \u0161to bi jednog gosta privuklo u posjetu Lijepoj Na\u0161oj. Na\u0161a misija je promovirati\u2026","rel":"","context":"Similar post","block_context":{"text":"Similar post","link":""},"img":{"alt_text":"","src":"","width":0,"height":0},"classes":[]},{"id":330,"url":"https:\/\/www.tourist-ad-guide.com\/en\/kategorije\/","url_meta":{"origin":326,"position":2},"title":"Kategorije","author":"tourist-ad-guide","date":"May 16, 2016","format":false,"excerpt":"Agroturizam , OPG ,Izleti\u0161ta Apartmani Hosteli Hoteli Moteli Pansioni Aqua parkovi -Terme - Kupali\u0161ta- Bazeni Auto kampovi Vojvodina Bosna i Hercegovina Crna Gora Etno sela Gastro Gradovi Kultura Muzeji Ljepota Luke i Marine Obrazovanje Op\u0107ine Parkovi prirode Poslovni marketing Slovenija Sport Turisti\u010dke zajednice Vjerski Turizam Zabava Zdravlje Zra\u010dne luke \u00a0","rel":"","context":"Similar post","block_context":{"text":"Similar post","link":""},"img":{"alt_text":"","src":"","width":0,"height":0},"classes":[]}],"_links":{"self":[{"href":"https:\/\/www.tourist-ad-guide.com\/en\/wp-json\/wp\/v2\/pages\/326","targetHints":{"allow":["GET"]}}],"collection":[{"href":"https:\/\/www.tourist-ad-guide.com\/en\/wp-json\/wp\/v2\/pages"}],"about":[{"href":"https:\/\/www.tourist-ad-guide.com\/en\/wp-json\/wp\/v2\/types\/page"}],"author":[{"embeddable":true,"href":"https:\/\/www.tourist-ad-guide.com\/en\/wp-json\/wp\/v2\/users\/1"}],"replies":[{"embeddable":true,"href":"https:\/\/www.tourist-ad-guide.com\/en\/wp-json\/wp\/v2\/comments?post=326"}],"version-history":[{"count":5,"href":"https:\/\/www.tourist-ad-guide.com\/en\/wp-json\/wp\/v2\/pages\/326\/revisions"}],"predecessor-version":[{"id":9935,"href":"https:\/\/www.tourist-ad-guide.com\/en\/wp-json\/wp\/v2\/pages\/326\/revisions\/9935"}],"wp:attachment":[{"href":"https:\/\/www.tourist-ad-guide.com\/en\/wp-json\/wp\/v2\/media?parent=326"}],"curies":[{"name":"wp","href":"https:\/\/api.w.org\/{rel}","templated":true}]}}