{"id":330,"date":"2016-05-16T00:54:07","date_gmt":"2016-05-16T00:54:07","guid":{"rendered":"http:\/\/www.tourist-ad-guide.com\/?page_id=330"},"modified":"2020-02-10T12:00:08","modified_gmt":"2020-02-10T12:00:08","slug":"kategorije","status":"publish","type":"page","link":"https:\/\/www.tourist-ad-guide.com\/en\/kategorije\/","title":{"rendered":"Kategorije"},"content":{"rendered":"<p><a href=\"http:\/\/www.tourist-ad-guide.com\/category\/agroturizam-i-obiteljska-poljoprivredna-gospodarstva\/\">Agroturizam , OPG ,Izleti\u0161ta<\/a><\/p>\n<p><a href=\"http:\/\/www.tourist-ad-guide.com\/category\/apartmani\/\">Apartmani<\/a><\/p>\n<p><a href=\"http:\/\/www.tourist-ad-guide.com\/category\/hosteli\/\">Hosteli<\/a><\/p>\n<p><a href=\"http:\/\/www.tourist-ad-guide.com\/category\/hoteli\/\">Hoteli<\/a><\/p>\n<p><a href=\"http:\/\/www.tourist-ad-guide.com\/category\/moteli\/\">Moteli<\/a><\/p>\n<p><a href=\"http:\/\/www.tourist-ad-guide.com\/category\/pansioni\/\">Pansioni<\/a><\/p>\n<p><a href=\"http:\/\/www.tourist-ad-guide.com\/category\/aqua-parkovi-terme-kupalista-bazeni\/\">Aqua parkovi -Terme &#8211; Kupali\u0161ta- Bazeni<\/a><\/p>\n<p><a href=\"http:\/\/www.tourist-ad-guide.com\/category\/auto-kamp\/\">Auto kampovi<\/a><\/p>\n<p><a href=\"https:\/\/www.tourist-ad-guide.com\/category\/vojvodina\/\">Vojvodina<\/a><\/p>\n<p><a href=\"http:\/\/www.tourist-ad-guide.com\/category\/bosna-i-hercegovina\/\">Bosna i Hercegovina<\/a><\/p>\n<p><a href=\"http:\/\/www.tourist-ad-guide.com\/category\/crna-gora\/\">Crna Gora<\/a><\/p>\n<p><a href=\"http:\/\/www.tourist-ad-guide.com\/category\/etno-sela\/\">Etno sela<\/a><\/p>\n<p><a href=\"http:\/\/www.tourist-ad-guide.com\/category\/gastro\/\">Gastro<\/a><\/p>\n<p><a href=\"http:\/\/www.tourist-ad-guide.com\/category\/gradovi\/\">Gradovi<\/a><\/p>\n<p><a href=\"http:\/\/www.tourist-ad-guide.com\/category\/kultura\/\">Kultura<\/a><\/p>\n<p><a href=\"http:\/\/www.tourist-ad-guide.com\/category\/muzeji\/\">Muzeji<\/a><\/p>\n<p><a href=\"http:\/\/www.tourist-ad-guide.com\/category\/ljepota\/\">Ljepota<\/a><\/p>\n<p><a href=\"http:\/\/www.tourist-ad-guide.com\/category\/luke-i-marine\/\">Luke i Marine<\/a><\/p>\n<p><a href=\"http:\/\/www.tourist-ad-guide.com\/category\/obrazovanje\/\">Obrazovanje<\/a><\/p>\n<p><a href=\"http:\/\/www.tourist-ad-guide.com\/category\/opcine\/\">Op\u0107ine<\/a><\/p>\n<p><a href=\"http:\/\/www.tourist-ad-guide.com\/category\/parkovi-prirode\/\">Parkovi prirode<\/a><\/p>\n<p><a href=\"http:\/\/www.tourist-ad-guide.com\/category\/poslovni-marketing\/\">Poslovni marketing<\/a><\/p>\n<p><a href=\"http:\/\/www.tourist-ad-guide.com\/category\/slovenija\/\">Slovenija<\/a><\/p>\n<p><a href=\"http:\/\/www.tourist-ad-guide.com\/category\/sport\/\">Sport<\/a><\/p>\n<p><a href=\"http:\/\/www.tourist-ad-guide.com\/category\/turisticke-zajednice\/\">Turisti\u010dke zajednice<\/a><\/p>\n<p><a href=\"http:\/\/www.tourist-ad-guide.com\/category\/vjerski-turizam\/\">Vjerski Turizam<\/a><\/p>\n<p><a href=\"http:\/\/www.tourist-ad-guide.com\/category\/zabava\/\">Zabava<\/a><\/p>\n<p><a href=\"http:\/\/www.tourist-ad-guide.com\/category\/zdravlje\/\">Zdravlje<\/a><\/p>\n<p><a href=\"http:\/\/www.tourist-ad-guide.com\/category\/zracne-luke\/\">Zra\u010dne luke<\/a><\/p>\n<p>&nbsp;<\/p>\n","protected":false},"excerpt":{"rendered":"<p>Agroturizam , OPG ,Izleti\u0161ta Apartmani Hosteli Hoteli Moteli Pansioni Aqua parkovi -Terme &#8211; Kupali\u0161ta- Bazeni Auto kampovi Vojvodina Bosna i Hercegovina Crna Gora Etno sela Gastro Gradovi Kultura Muzeji Ljepota Luke i Marine Obrazovanje Op\u0107ine Parkovi prirode Poslovni marketing Slovenija Sport Turisti\u010dke zajednice Vjerski Turizam Zabava Zdravlje Zra\u010dne luke &nbsp;<\/p>\n","protected":false},"author":1,"featured_media":0,"parent":0,"menu_order":0,"comment_status":"closed","ping_status":"closed","template":"","meta":{"jetpack_post_was_ever_published":false,"footnotes":""},"class_list":["post-330","page","type-page","status-publish","hentry"],"translation":{"provider":"WPGlobus","version":"3.0.1","language":"en","enabled_languages":["hr","en"],"languages":{"hr":{"title":true,"content":true,"excerpt":false},"en":{"title":false,"content":false,"excerpt":false}}},"jetpack_sharing_enabled":true,"jetpack_shortlink":"https:\/\/wp.me\/P7orY6-5k","jetpack-related-posts":[],"_links":{"self":[{"href":"https:\/\/www.tourist-ad-guide.com\/en\/wp-json\/wp\/v2\/pages\/330","targetHints":{"allow":["GET"]}}],"collection":[{"href":"https:\/\/www.tourist-ad-guide.com\/en\/wp-json\/wp\/v2\/pages"}],"about":[{"href":"https:\/\/www.tourist-ad-guide.com\/en\/wp-json\/wp\/v2\/types\/page"}],"author":[{"embeddable":true,"href":"https:\/\/www.tourist-ad-guide.com\/en\/wp-json\/wp\/v2\/users\/1"}],"replies":[{"embeddable":true,"href":"https:\/\/www.tourist-ad-guide.com\/en\/wp-json\/wp\/v2\/comments?post=330"}],"version-history":[{"count":6,"href":"https:\/\/www.tourist-ad-guide.com\/en\/wp-json\/wp\/v2\/pages\/330\/revisions"}],"predecessor-version":[{"id":10446,"href":"https:\/\/www.tourist-ad-guide.com\/en\/wp-json\/wp\/v2\/pages\/330\/revisions\/10446"}],"wp:attachment":[{"href":"https:\/\/www.tourist-ad-guide.com\/en\/wp-json\/wp\/v2\/media?parent=330"}],"curies":[{"name":"wp","href":"https:\/\/api.w.org\/{rel}","templated":true}]}}