{"id":367,"date":"2016-05-16T03:07:53","date_gmt":"2016-05-16T03:07:53","guid":{"rendered":"http:\/\/www.tourist-ad-guide.com\/?page_id=367"},"modified":"2016-05-16T15:05:41","modified_gmt":"2016-05-16T15:05:41","slug":"o-nama","status":"publish","type":"page","link":"https:\/\/www.tourist-ad-guide.com\/en\/o-nama\/","title":{"rendered":"About us"},"content":{"rendered":"<p>Welcome to the website of\u00a0the Business Tourist Guide founded in 2007. We are working in the fields of business marketing, congressional tourism, \u00a0health care tourism, gastro-tourism, and many others. We cover national parks, cultural monuments, as well as rural tourism. Everything that is attractive to potential tourists.<br \/>\nOur mission is to promote tourism in Croatia, EU, and the rest of the world.<br \/>\nFor cooperation, feel free to contact us:<br \/>\nMARKETING<br \/>\nE-mail: turisticki-reklamni-vodic@email.ht.hr<br \/>\nBest,<br \/>\nBusiness Tourist Guide editorial staff<\/p>\n","protected":false},"excerpt":{"rendered":"<p>Welcome to the website of\u00a0the Business Tourist Guide founded in 2007. We are working in the fields of business marketing, congressional tourism, \u00a0health care tourism, gastro-tourism, and many others. We cover national parks, cultural monuments, as well as rural tourism. Everything that is attractive to potential tourists. Our mission is<a href=\"https:\/\/www.tourist-ad-guide.com\/en\/o-nama\/\" class=\"read-more\">Read More &#8230;<\/a><\/p>\n","protected":false},"author":1,"featured_media":0,"parent":0,"menu_order":0,"comment_status":"closed","ping_status":"closed","template":"","meta":{"jetpack_post_was_ever_published":false,"footnotes":""},"class_list":["post-367","page","type-page","status-publish","hentry"],"translation":{"provider":"WPGlobus","version":"3.0.1","language":"en","enabled_languages":["hr","en"],"languages":{"hr":{"title":true,"content":true,"excerpt":false},"en":{"title":true,"content":true,"excerpt":false}}},"jetpack_sharing_enabled":true,"jetpack_shortlink":"https:\/\/wp.me\/P7orY6-5V","jetpack-related-posts":[{"id":139,"url":"https:\/\/www.tourist-ad-guide.com\/en\/home\/","url_meta":{"origin":367,"position":0},"title":"Po\u010detna","author":"tourist-ad-guide","date":"April 26, 2016","format":false,"excerpt":"Po\u0161tovani, Dobro do\u0161li na stranice Poslovnog turisti\u010dkog vodi\u010da koji je osnovan 2007. godine i bavi se\u00a0\u00a0poslovnim marketingom, kongresnim turizmom, zdravstveno-lje\u010dili\u0161nim turizmom, gastronomskim turizmom i mnogim drugim. Obuhva\u0107a nacionalne parkove, kulturne znamenitosti kao i seoski turizam odnosno sve \u0161to bi jednog gosta privuklo u posjetu Lijepoj Na\u0161oj. Najve\u0107a vrijednost tvrtke je\u2026","rel":"","context":"Similar post","block_context":{"text":"Similar post","link":""},"img":{"alt_text":"logo","src":"https:\/\/i0.wp.com\/www.tourist-ad-guide.com\/wp-content\/uploads\/2016\/03\/logo-3.png?resize=350%2C200","width":350,"height":200},"classes":[]},{"id":330,"url":"https:\/\/www.tourist-ad-guide.com\/en\/kategorije\/","url_meta":{"origin":367,"position":1},"title":"Kategorije","author":"tourist-ad-guide","date":"May 16, 2016","format":false,"excerpt":"Agroturizam , OPG ,Izleti\u0161ta Apartmani Hosteli Hoteli Moteli Pansioni Aqua parkovi -Terme - Kupali\u0161ta- Bazeni Auto kampovi Vojvodina Bosna i Hercegovina Crna Gora Etno sela Gastro Gradovi Kultura Muzeji Ljepota Luke i Marine Obrazovanje Op\u0107ine Parkovi prirode Poslovni marketing Slovenija Sport Turisti\u010dke zajednice Vjerski Turizam Zabava Zdravlje Zra\u010dne luke \u00a0","rel":"","context":"Similar post","block_context":{"text":"Similar post","link":""},"img":{"alt_text":"","src":"","width":0,"height":0},"classes":[]},{"id":326,"url":"https:\/\/www.tourist-ad-guide.com\/en\/contact\/","url_meta":{"origin":367,"position":2},"title":"Contact","author":"tourist-ad-guide","date":"May 16, 2016","format":false,"excerpt":"{:hr} Za suradnju slobodno kontaktirajte jedan od na\u0161ih odjela: MARKETING E-mail: turisticki-reklamni-vodic@email.ht.hr Tel\/fax: + 385 (0) 1627 8123 UREDNI\u0160TVO: Email: turisticki-reklamni-vodic@hi-ht.hr Tel\/fax:\u00a0+ 385 (0) 1627 8123{:}{:en} For potential cooperation please contact one of the following departments: MARKETING E-mail: turisticki-reklamni-vodic@email.ht.hr Tel\/fax: 016278123 EDITORIAL: Email: turisticki-reklamni-vodic@hi-ht.hr Tel\/fax: 016278123{:}","rel":"","context":"Similar post","block_context":{"text":"Similar post","link":""},"img":{"alt_text":"","src":"","width":0,"height":0},"classes":[]}],"_links":{"self":[{"href":"https:\/\/www.tourist-ad-guide.com\/en\/wp-json\/wp\/v2\/pages\/367","targetHints":{"allow":["GET"]}}],"collection":[{"href":"https:\/\/www.tourist-ad-guide.com\/en\/wp-json\/wp\/v2\/pages"}],"about":[{"href":"https:\/\/www.tourist-ad-guide.com\/en\/wp-json\/wp\/v2\/types\/page"}],"author":[{"embeddable":true,"href":"https:\/\/www.tourist-ad-guide.com\/en\/wp-json\/wp\/v2\/users\/1"}],"replies":[{"embeddable":true,"href":"https:\/\/www.tourist-ad-guide.com\/en\/wp-json\/wp\/v2\/comments?post=367"}],"version-history":[{"count":4,"href":"https:\/\/www.tourist-ad-guide.com\/en\/wp-json\/wp\/v2\/pages\/367\/revisions"}],"predecessor-version":[{"id":7733,"href":"https:\/\/www.tourist-ad-guide.com\/en\/wp-json\/wp\/v2\/pages\/367\/revisions\/7733"}],"wp:attachment":[{"href":"https:\/\/www.tourist-ad-guide.com\/en\/wp-json\/wp\/v2\/media?parent=367"}],"curies":[{"name":"wp","href":"https:\/\/api.w.org\/{rel}","templated":true}]}}